{"id":219,"date":"2025-05-24T01:05:54","date_gmt":"2025-05-24T01:05:54","guid":{"rendered":"https:\/\/alisodental.com\/about\/"},"modified":"2025-05-24T04:29:52","modified_gmt":"2025-05-24T04:29:52","slug":"about","status":"publish","type":"page","link":"https:\/\/alisodental.com\/es\/about\/","title":{"rendered":"Acerca de"},"content":{"rendered":"<div data-elementor-type=\"wp-page\" data-elementor-id=\"219\" class=\"elementor elementor-219\">\n\t\t\t\t<div class=\"elementor-element elementor-element-1df0150 e-flex e-con-boxed e-con e-parent\" data-id=\"1df0150\" data-element_type=\"container\" data-settings=\"{&quot;background_background&quot;:&quot;classic&quot;}\">\n\t\t\t\t\t<div class=\"e-con-inner\">\n\t\t\t\t<div class=\"elementor-element elementor-element-cb830c9 elementor-widget elementor-widget-image-box\" data-id=\"cb830c9\" data-element_type=\"widget\" data-widget_type=\"image-box.default\">\n\t\t\t\t<div class=\"elementor-widget-container\">\n\t\t\t\t\t<div class=\"elementor-image-box-wrapper\"><div class=\"elementor-image-box-content\"><h1 class=\"elementor-image-box-title\">Caring Dentistry<\/h1><p class=\"elementor-image-box-description\">Experience personalized dental care in a warm atmosphere at Aliso Dental Care, your trusted Orange County dental office.<\/p><\/div><\/div>\t\t\t\t<\/div>\n\t\t\t\t<\/div>\n\t\t\t\t\t<\/div>\n\t\t\t\t<\/div>\n\t\t<div class=\"elementor-element elementor-element-13aa05d e-flex e-con-boxed e-con e-parent\" data-id=\"13aa05d\" data-element_type=\"container\" data-settings=\"{&quot;background_background&quot;:&quot;classic&quot;}\">\n\t\t\t\t\t<div class=\"e-con-inner\">\n\t\t<div class=\"elementor-element elementor-element-f488f3e e-con-full e-flex e-con e-child\" data-id=\"f488f3e\" data-element_type=\"container\">\n\t\t\t\t<div class=\"elementor-element elementor-element-f2725c2 elementor-widget elementor-widget-image-box\" data-id=\"f2725c2\" data-element_type=\"widget\" data-widget_type=\"image-box.default\">\n\t\t\t\t<div class=\"elementor-widget-container\">\n\t\t\t\t\t<div class=\"elementor-image-box-wrapper\"><div class=\"elementor-image-box-content\"><h2 class=\"elementor-image-box-title\">Acerca de Aliso Dental Care<\/h2><p class=\"elementor-image-box-description\">Fundada en 1999 por la Dra. Silvia Vallis, Aliso Dental Care ha estado sirviendo a la comunidad del Condado de Orange con soluciones dentales integrales.<\/p><\/div><\/div>\t\t\t\t<\/div>\n\t\t\t\t<\/div>\n\t\t<div class=\"elementor-element elementor-element-cee8c3e e-con-full e-flex e-con e-child\" data-id=\"cee8c3e\" data-element_type=\"container\">\n\t\t\t\t<div class=\"elementor-element elementor-element-f6a5b86 elementor-widget elementor-widget-image-box\" data-id=\"f6a5b86\" data-element_type=\"widget\" data-widget_type=\"image-box.default\">\n\t\t\t\t<div class=\"elementor-widget-container\">\n\t\t\t\t\t<div class=\"elementor-image-box-wrapper\"><div class=\"elementor-image-box-content\"><div class=\"elementor-image-box-title\">State-of-the-Art<\/div><p class=\"elementor-image-box-description\">We utilize the latest dental technology to ensure effective treatments and exceptional results for our patients.<\/p><\/div><\/div>\t\t\t\t<\/div>\n\t\t\t\t<\/div>\n\t\t\t\t<div class=\"elementor-element elementor-element-30942ba elementor-widget elementor-widget-image-box\" data-id=\"30942ba\" data-element_type=\"widget\" data-widget_type=\"image-box.default\">\n\t\t\t\t<div class=\"elementor-widget-container\">\n\t\t\t\t\t<div class=\"elementor-image-box-wrapper\"><div class=\"elementor-image-box-content\"><div class=\"elementor-image-box-title\">Patient Comfort<\/div><p class=\"elementor-image-box-description\">Our dedicated team prioritizes your comfort, making every visit a pleasant and tailored experience.<\/p><\/div><\/div>\t\t\t\t<\/div>\n\t\t\t\t<\/div>\n\t\t\t\t<\/div>\n\t\t\t\t<\/div>\n\t\t\t\t<div class=\"elementor-element elementor-element-c88d0c3 elementor-widget-tablet__width-initial elementor-widget elementor-widget-image\" data-id=\"c88d0c3\" data-element_type=\"widget\" data-widget_type=\"image.default\">\n\t\t\t\t<div class=\"elementor-widget-container\">\n\t\t\t\t\t\t\t\t\t\t\t\t\t\t\t<img fetchpriority=\"high\" decoding=\"async\" width=\"700\" height=\"1050\" src=\"https:\/\/alisodental.com\/wp-content\/uploads\/2025\/05\/pexels-photo-5355697-1.jpeg\" class=\"attachment-full size-full wp-image-433\" alt=\"\" srcset=\"https:\/\/alisodental.com\/wp-content\/uploads\/2025\/05\/pexels-photo-5355697-1.jpeg 700w, https:\/\/alisodental.com\/wp-content\/uploads\/2025\/05\/pexels-photo-5355697-1-200x300.jpeg 200w, https:\/\/alisodental.com\/wp-content\/uploads\/2025\/05\/pexels-photo-5355697-1-683x1024.jpeg 683w\" sizes=\"(max-width: 700px) 100vw, 700px\" \/>\t\t\t\t\t\t\t\t\t\t\t\t\t\t\t<\/div>\n\t\t\t\t<\/div>\n\t\t\t\t\t<\/div>\n\t\t\t\t<\/div>\n\t\t<div class=\"elementor-element elementor-element-5933ca3 e-flex e-con-boxed e-con e-parent\" data-id=\"5933ca3\" data-element_type=\"container\" data-settings=\"{&quot;background_background&quot;:&quot;classic&quot;}\">\n\t\t\t\t\t<div class=\"e-con-inner\">\n\t\t<div class=\"elementor-element elementor-element-9791c22 e-con-full e-flex e-con e-child\" data-id=\"9791c22\" data-element_type=\"container\" data-settings=\"{&quot;background_background&quot;:&quot;classic&quot;}\">\n\t\t\t\t<\/div>\n\t\t<div class=\"elementor-element elementor-element-16ea761 e-con-full e-flex e-con e-child\" data-id=\"16ea761\" data-element_type=\"container\">\n\t\t<div class=\"elementor-element elementor-element-3b80b52 e-con-full e-flex e-con e-child\" data-id=\"3b80b52\" data-element_type=\"container\">\n\t\t\t\t<div class=\"elementor-element elementor-element-1d135f9 elementor-widget elementor-widget-image-box\" data-id=\"1d135f9\" data-element_type=\"widget\" data-widget_type=\"image-box.default\">\n\t\t\t\t<div class=\"elementor-widget-container\">\n\t\t\t\t\t<div class=\"elementor-image-box-wrapper\"><div class=\"elementor-image-box-content\"><h3 class=\"elementor-image-box-title\">Our Vision<\/h3><p class=\"elementor-image-box-description\">To be the leading dental care provider in Orange County, creating beautiful smiles and fostering lasting relationships.<\/p><\/div><\/div>\t\t\t\t<\/div>\n\t\t\t\t<\/div>\n\t\t\t\t<\/div>\n\t\t<div class=\"elementor-element elementor-element-8e789dd e-con-full e-flex e-con e-child\" data-id=\"8e789dd\" data-element_type=\"container\">\n\t\t\t\t<div class=\"elementor-element elementor-element-00ea3b4 elementor-widget elementor-widget-image-box\" data-id=\"00ea3b4\" data-element_type=\"widget\" data-widget_type=\"image-box.default\">\n\t\t\t\t<div class=\"elementor-widget-container\">\n\t\t\t\t\t<div class=\"elementor-image-box-wrapper\"><div class=\"elementor-image-box-content\"><h3 class=\"elementor-image-box-title\">Our Mission<\/h3><p class=\"elementor-image-box-description\">To deliver exceptional dental services with a focus on patient comfort and personalized care for optimal oral health.<\/p><\/div><\/div>\t\t\t\t<\/div>\n\t\t\t\t<\/div>\n\t\t\t\t<\/div>\n\t\t\t\t<\/div>\n\t\t\t\t\t<\/div>\n\t\t\t\t<\/div>\n\t\t<div class=\"elementor-element elementor-element-655763d e-flex e-con-boxed e-con e-parent\" data-id=\"655763d\" data-element_type=\"container\" data-settings=\"{&quot;background_background&quot;:&quot;classic&quot;}\">\n\t\t\t\t\t<div class=\"e-con-inner\">\n\t\t\t\t<div class=\"elementor-element elementor-element-2b9b2ad elementor-widget elementor-widget-image-box\" data-id=\"2b9b2ad\" data-element_type=\"widget\" data-widget_type=\"image-box.default\">\n\t\t\t\t<div class=\"elementor-widget-container\">\n\t\t\t\t\t<div class=\"elementor-image-box-wrapper\"><div class=\"elementor-image-box-content\"><h2 class=\"elementor-image-box-title\">\u00bfListo para comenzar tu viaje?<\/h2><p class=\"elementor-image-box-description\">Cont\u00e1ctenos hoy para obtener m\u00e1s informaci\u00f3n sobre nuestros servicios y programar su primera cita.<\/p><\/div><\/div>\t\t\t\t<\/div>\n\t\t\t\t<\/div>\n\t\t\t\t<div class=\"elementor-element elementor-element-fd41e76 elementor-align-center elementor-widget elementor-widget-button\" data-id=\"fd41e76\" data-element_type=\"widget\" data-widget_type=\"button.default\">\n\t\t\t\t<div class=\"elementor-widget-container\">\n\t\t\t\t\t\t\t\t\t<div class=\"elementor-button-wrapper\">\n\t\t\t\t\t<a class=\"elementor-button elementor-button-link elementor-size-sm\" href=\"#\">\n\t\t\t\t\t\t<span class=\"elementor-button-content-wrapper\">\n\t\t\t\t\t\t\t\t\t<span class=\"elementor-button-text\">Programar cita<\/span>\n\t\t\t\t\t<\/span>\n\t\t\t\t\t<\/a>\n\t\t\t\t<\/div>\n\t\t\t\t\t\t\t\t<\/div>\n\t\t\t\t<\/div>\n\t\t\t\t\t<\/div>\n\t\t\t\t<\/div>\n\t\t\t\t<\/div>","protected":false},"excerpt":{"rendered":"<p>Caring Dentistry Experience personalized dental care in a warm atmosphere at Aliso Dental Care, your trusted Orange County dental office. [&hellip;]<\/p>","protected":false},"author":1,"featured_media":0,"parent":0,"menu_order":0,"comment_status":"closed","ping_status":"closed","template":"","meta":{"_surecart_dashboard_logo_width":"180px","_surecart_dashboard_show_logo":true,"_surecart_dashboard_navigation_orders":true,"_surecart_dashboard_navigation_invoices":true,"_surecart_dashboard_navigation_subscriptions":true,"_surecart_dashboard_navigation_downloads":true,"_surecart_dashboard_navigation_billing":true,"_surecart_dashboard_navigation_account":true,"site-sidebar-layout":"no-sidebar","site-content-layout":"","ast-site-content-layout":"full-width-container","site-content-style":"unboxed","site-sidebar-style":"unboxed","ast-global-header-display":"","ast-banner-title-visibility":"","ast-main-header-display":"","ast-hfb-above-header-display":"","ast-hfb-below-header-display":"","ast-hfb-mobile-header-display":"","site-post-title":"disabled","ast-breadcrumbs-content":"","ast-featured-img":"disabled","footer-sml-layout":"","theme-transparent-header-meta":"enabled","adv-header-id-meta":"","stick-header-meta":"","header-above-stick-meta":"","header-main-stick-meta":"","header-below-stick-meta":"","astra-migrate-meta-layouts":"default","ast-page-background-enabled":"default","ast-page-background-meta":{"desktop":{"background-color":"var(--ast-global-color-5)","background-image":"","background-repeat":"repeat","background-position":"center center","background-size":"auto","background-attachment":"scroll","background-type":"","background-media":"","overlay-type":"","overlay-color":"","overlay-opacity":"","overlay-gradient":""},"tablet":{"background-color":"","background-image":"","background-repeat":"repeat","background-position":"center center","background-size":"auto","background-attachment":"scroll","background-type":"","background-media":"","overlay-type":"","overlay-color":"","overlay-opacity":"","overlay-gradient":""},"mobile":{"background-color":"","background-image":"","background-repeat":"repeat","background-position":"center center","background-size":"auto","background-attachment":"scroll","background-type":"","background-media":"","overlay-type":"","overlay-color":"","overlay-opacity":"","overlay-gradient":""}},"ast-content-background-meta":{"desktop":{"background-color":"var(--ast-global-color-4)","background-image":"","background-repeat":"repeat","background-position":"center center","background-size":"auto","background-attachment":"scroll","background-type":"","background-media":"","overlay-type":"","overlay-color":"","overlay-opacity":"","overlay-gradient":""},"tablet":{"background-color":"var(--ast-global-color-4)","background-image":"","background-repeat":"repeat","background-position":"center center","background-size":"auto","background-attachment":"scroll","background-type":"","background-media":"","overlay-type":"","overlay-color":"","overlay-opacity":"","overlay-gradient":""},"mobile":{"background-color":"var(--ast-global-color-4)","background-image":"","background-repeat":"repeat","background-position":"center center","background-size":"auto","background-attachment":"scroll","background-type":"","background-media":"","overlay-type":"","overlay-color":"","overlay-opacity":"","overlay-gradient":""}},"footnotes":""},"class_list":["post-219","page","type-page","status-publish","hentry"],"_links":{"self":[{"href":"https:\/\/alisodental.com\/es\/wp-json\/wp\/v2\/pages\/219","targetHints":{"allow":["GET"]}}],"collection":[{"href":"https:\/\/alisodental.com\/es\/wp-json\/wp\/v2\/pages"}],"about":[{"href":"https:\/\/alisodental.com\/es\/wp-json\/wp\/v2\/types\/page"}],"author":[{"embeddable":true,"href":"https:\/\/alisodental.com\/es\/wp-json\/wp\/v2\/users\/1"}],"replies":[{"embeddable":true,"href":"https:\/\/alisodental.com\/es\/wp-json\/wp\/v2\/comments?post=219"}],"version-history":[{"count":4,"href":"https:\/\/alisodental.com\/es\/wp-json\/wp\/v2\/pages\/219\/revisions"}],"predecessor-version":[{"id":449,"href":"https:\/\/alisodental.com\/es\/wp-json\/wp\/v2\/pages\/219\/revisions\/449"}],"wp:attachment":[{"href":"https:\/\/alisodental.com\/es\/wp-json\/wp\/v2\/media?parent=219"}],"curies":[{"name":"wp","href":"https:\/\/api.w.org\/{rel}","templated":true}]}}