{"id":298,"date":"2025-05-24T01:05:54","date_gmt":"2025-05-24T01:05:54","guid":{"rendered":"https:\/\/alisodental.com\/offering\/"},"modified":"2025-05-24T05:33:11","modified_gmt":"2025-05-24T05:33:11","slug":"offering","status":"publish","type":"page","link":"https:\/\/alisodental.com\/es\/offering\/","title":{"rendered":"Servicios Dentales"},"content":{"rendered":"<div data-elementor-type=\"wp-page\" data-elementor-id=\"298\" class=\"elementor elementor-298\">\n\t\t\t\t<div class=\"elementor-element elementor-element-d183e97 e-flex e-con-boxed e-con e-parent\" data-id=\"d183e97\" data-element_type=\"container\" data-settings=\"{&quot;background_background&quot;:&quot;classic&quot;}\">\n\t\t\t\t\t<div class=\"e-con-inner\">\n\t\t\t\t<div class=\"elementor-element elementor-element-dbaa1a1 elementor-widget elementor-widget-image-box\" data-id=\"dbaa1a1\" data-element_type=\"widget\" data-widget_type=\"image-box.default\">\n\t\t\t\t<div class=\"elementor-widget-container\">\n\t\t\t\t\t<div class=\"elementor-image-box-wrapper\"><div class=\"elementor-image-box-content\"><h1 class=\"elementor-image-box-title\">Servicios Dentales<\/h1><p class=\"elementor-image-box-description\">Explore our comprehensive range of personalized dental treatments designed to enhance your oral health and smile.<\/p><\/div><\/div>\t\t\t\t<\/div>\n\t\t\t\t<\/div>\n\t\t\t\t\t<\/div>\n\t\t\t\t<\/div>\n\t\t<div class=\"elementor-element elementor-element-194e9ec e-flex e-con-boxed e-con e-parent\" data-id=\"194e9ec\" data-element_type=\"container\" data-settings=\"{&quot;background_background&quot;:&quot;classic&quot;}\">\n\t\t\t\t\t<div class=\"e-con-inner\">\n\t\t<div class=\"elementor-element elementor-element-4bcf17c e-con-full e-flex e-con e-child\" data-id=\"4bcf17c\" data-element_type=\"container\">\n\t\t\t\t<div class=\"elementor-element elementor-element-5a1bcd5 elementor-widget elementor-widget-image-box\" data-id=\"5a1bcd5\" data-element_type=\"widget\" data-widget_type=\"image-box.default\">\n\t\t\t\t<div class=\"elementor-widget-container\">\n\t\t\t\t\t<div class=\"elementor-image-box-wrapper\"><div class=\"elementor-image-box-content\"><h2 class=\"elementor-image-box-title\">Our Services<\/h2><p class=\"elementor-image-box-description\">Learn more about the dental services we provide to help you smile with confidence at every stage of life.<\/p><\/div><\/div>\t\t\t\t<\/div>\n\t\t\t\t<\/div>\n\t\t\t\t<\/div>\n\t\t<div class=\"elementor-element elementor-element-be1cd64 e-con-full e-flex e-con e-child\" data-id=\"be1cd64\" data-element_type=\"container\">\n\t\t<div class=\"elementor-element elementor-element-2e3f095 e-con-full e-flex e-con e-child\" data-id=\"2e3f095\" data-element_type=\"container\" data-settings=\"{&quot;background_background&quot;:&quot;classic&quot;}\">\n\t\t\t\t<div class=\"elementor-element elementor-element-b2ce4b8 elementor-widget elementor-widget-image-box\" data-id=\"b2ce4b8\" data-element_type=\"widget\" data-widget_type=\"image-box.default\">\n\t\t\t\t<div class=\"elementor-widget-container\">\n\t\t\t\t\t<div class=\"elementor-image-box-wrapper\"><div class=\"elementor-image-box-content\"><h3 class=\"elementor-image-box-title\">\ud83e\uddb7 Odontolog\u00eda general<\/h3><p class=\"elementor-image-box-description\">Comprehensive exams, cleanings, and preventive care to keep your teeth and gums healthy year-round.<\/p><\/div><\/div>\t\t\t\t<\/div>\n\t\t\t\t<\/div>\n\t\t\t\t<div class=\"elementor-element elementor-element-234c9e6 elementor-widget elementor-widget-image\" data-id=\"234c9e6\" data-element_type=\"widget\" data-widget_type=\"image.default\">\n\t\t\t\t<div class=\"elementor-widget-container\">\n\t\t\t\t\t\t\t\t\t\t\t\t\t\t\t<img fetchpriority=\"high\" decoding=\"async\" width=\"1280\" height=\"853\" src=\"https:\/\/alisodental.com\/wp-content\/uploads\/2025\/05\/pexels-photo-5622014-1.jpeg\" class=\"attachment-full size-full wp-image-436\" alt=\"\" srcset=\"https:\/\/alisodental.com\/wp-content\/uploads\/2025\/05\/pexels-photo-5622014-1.jpeg 1280w, https:\/\/alisodental.com\/wp-content\/uploads\/2025\/05\/pexels-photo-5622014-1-300x200.jpeg 300w, https:\/\/alisodental.com\/wp-content\/uploads\/2025\/05\/pexels-photo-5622014-1-1024x682.jpeg 1024w, https:\/\/alisodental.com\/wp-content\/uploads\/2025\/05\/pexels-photo-5622014-1-768x512.jpeg 768w\" sizes=\"(max-width: 1280px) 100vw, 1280px\" \/>\t\t\t\t\t\t\t\t\t\t\t\t\t\t\t<\/div>\n\t\t\t\t<\/div>\n\t\t\t\t<\/div>\n\t\t<div class=\"elementor-element elementor-element-7e8f631 e-con-full e-flex e-con e-child\" data-id=\"7e8f631\" data-element_type=\"container\" data-settings=\"{&quot;background_background&quot;:&quot;classic&quot;}\">\n\t\t\t\t<div class=\"elementor-element elementor-element-76e4330 elementor-widget elementor-widget-image-box\" data-id=\"76e4330\" data-element_type=\"widget\" data-widget_type=\"image-box.default\">\n\t\t\t\t<div class=\"elementor-widget-container\">\n\t\t\t\t\t<div class=\"elementor-image-box-wrapper\"><div class=\"elementor-image-box-content\"><h3 class=\"elementor-image-box-title\">\ud83d\ude01 Odontolog\u00eda Cosm\u00e9tica<\/h3><p class=\"elementor-image-box-description\">Whitening, veneers, and smile design solutions to enhance the appearance and confidence of your smile.<\/p><\/div><\/div>\t\t\t\t<\/div>\n\t\t\t\t<\/div>\n\t\t\t\t<div class=\"elementor-element elementor-element-8f2fd90 elementor-widget elementor-widget-image\" data-id=\"8f2fd90\" data-element_type=\"widget\" data-widget_type=\"image.default\">\n\t\t\t\t<div class=\"elementor-widget-container\">\n\t\t\t\t\t\t\t\t\t\t\t\t\t\t\t<img decoding=\"async\" width=\"700\" height=\"1050\" src=\"https:\/\/alisodental.com\/wp-content\/uploads\/2025\/05\/pexels-photo-7800669-1.jpeg\" class=\"attachment-full size-full wp-image-437\" alt=\"\" srcset=\"https:\/\/alisodental.com\/wp-content\/uploads\/2025\/05\/pexels-photo-7800669-1.jpeg 700w, https:\/\/alisodental.com\/wp-content\/uploads\/2025\/05\/pexels-photo-7800669-1-200x300.jpeg 200w, https:\/\/alisodental.com\/wp-content\/uploads\/2025\/05\/pexels-photo-7800669-1-683x1024.jpeg 683w\" sizes=\"(max-width: 700px) 100vw, 700px\" \/>\t\t\t\t\t\t\t\t\t\t\t\t\t\t\t<\/div>\n\t\t\t\t<\/div>\n\t\t\t\t<\/div>\n\t\t<div class=\"elementor-element elementor-element-fd724cf e-con-full e-flex e-con e-child\" data-id=\"fd724cf\" data-element_type=\"container\" data-settings=\"{&quot;background_background&quot;:&quot;classic&quot;}\">\n\t\t\t\t<div class=\"elementor-element elementor-element-feb7601 elementor-widget elementor-widget-image-box\" data-id=\"feb7601\" data-element_type=\"widget\" data-widget_type=\"image-box.default\">\n\t\t\t\t<div class=\"elementor-widget-container\">\n\t\t\t\t\t<div class=\"elementor-image-box-wrapper\"><div class=\"elementor-image-box-content\"><h3 class=\"elementor-image-box-title\">\ud83e\udea5 Periodontal Therapy<\/h3><p class=\"elementor-image-box-description\">Targeted care to prevent, manage, and treat gum disease \u2014 protecting both your oral and overall health.<\/p><\/div><\/div>\t\t\t\t<\/div>\n\t\t\t\t<\/div>\n\t\t\t\t<div class=\"elementor-element elementor-element-5e23ceb elementor-widget elementor-widget-image\" data-id=\"5e23ceb\" data-element_type=\"widget\" data-widget_type=\"image.default\">\n\t\t\t\t<div class=\"elementor-widget-container\">\n\t\t\t\t\t\t\t\t\t\t\t\t\t\t\t<img decoding=\"async\" width=\"700\" height=\"1048\" src=\"https:\/\/alisodental.com\/wp-content\/uploads\/2025\/05\/pexels-photo-6812451-1.jpeg\" class=\"attachment-full size-full wp-image-438\" alt=\"\" srcset=\"https:\/\/alisodental.com\/wp-content\/uploads\/2025\/05\/pexels-photo-6812451-1.jpeg 700w, https:\/\/alisodental.com\/wp-content\/uploads\/2025\/05\/pexels-photo-6812451-1-200x300.jpeg 200w, https:\/\/alisodental.com\/wp-content\/uploads\/2025\/05\/pexels-photo-6812451-1-684x1024.jpeg 684w\" sizes=\"(max-width: 700px) 100vw, 700px\" \/>\t\t\t\t\t\t\t\t\t\t\t\t\t\t\t<\/div>\n\t\t\t\t<\/div>\n\t\t\t\t<\/div>\n\t\t<div class=\"elementor-element elementor-element-ffcaf94 e-con-full e-flex e-con e-child\" data-id=\"ffcaf94\" data-element_type=\"container\" data-settings=\"{&quot;background_background&quot;:&quot;classic&quot;}\">\n\t\t\t\t<div class=\"elementor-element elementor-element-7d7ac10 elementor-widget elementor-widget-image-box\" data-id=\"7d7ac10\" data-element_type=\"widget\" data-widget_type=\"image-box.default\">\n\t\t\t\t<div class=\"elementor-widget-container\">\n\t\t\t\t\t<div class=\"elementor-image-box-wrapper\"><div class=\"elementor-image-box-content\"><h3 class=\"elementor-image-box-title\">\ud83e\uddf1 Restorative Dentistry<\/h3><p class=\"elementor-image-box-description\">Crowns, bridges, and fillings to repair damaged teeth and restore full function and comfort.<\/p><\/div><\/div>\t\t\t\t<\/div>\n\t\t\t\t<\/div>\n\t\t\t\t<div class=\"elementor-element elementor-element-96967e2 elementor-widget elementor-widget-image\" data-id=\"96967e2\" data-element_type=\"widget\" data-widget_type=\"image.default\">\n\t\t\t\t<div class=\"elementor-widget-container\">\n\t\t\t\t\t\t\t\t\t\t\t\t\t\t\t<img loading=\"lazy\" decoding=\"async\" width=\"1280\" height=\"853\" src=\"https:\/\/alisodental.com\/wp-content\/uploads\/2025\/05\/pexels-photo-6502162-1.jpeg\" class=\"attachment-full size-full wp-image-439\" alt=\"\" srcset=\"https:\/\/alisodental.com\/wp-content\/uploads\/2025\/05\/pexels-photo-6502162-1.jpeg 1280w, https:\/\/alisodental.com\/wp-content\/uploads\/2025\/05\/pexels-photo-6502162-1-300x200.jpeg 300w, https:\/\/alisodental.com\/wp-content\/uploads\/2025\/05\/pexels-photo-6502162-1-1024x682.jpeg 1024w, https:\/\/alisodental.com\/wp-content\/uploads\/2025\/05\/pexels-photo-6502162-1-768x512.jpeg 768w\" sizes=\"(max-width: 1280px) 100vw, 1280px\" \/>\t\t\t\t\t\t\t\t\t\t\t\t\t\t\t<\/div>\n\t\t\t\t<\/div>\n\t\t\t\t<\/div>\n\t\t<div class=\"elementor-element elementor-element-c2b45e0 e-con-full e-flex e-con e-child\" data-id=\"c2b45e0\" data-element_type=\"container\" data-settings=\"{&quot;background_background&quot;:&quot;classic&quot;}\">\n\t\t\t\t<div class=\"elementor-element elementor-element-8088942 elementor-widget elementor-widget-image-box\" data-id=\"8088942\" data-element_type=\"widget\" data-widget_type=\"image-box.default\">\n\t\t\t\t<div class=\"elementor-widget-container\">\n\t\t\t\t\t<div class=\"elementor-image-box-wrapper\"><div class=\"elementor-image-box-content\"><h3 class=\"elementor-image-box-title\">\ud83d\udc68\u200d\u2695\ufe0f Dentures<\/h3><p class=\"elementor-image-box-description\">Custom full and partial dentures designed to restore your smile, improve speech, and support chewing comfort.<\/p><\/div><\/div>\t\t\t\t<\/div>\n\t\t\t\t<\/div>\n\t\t\t\t<div class=\"elementor-element elementor-element-d90cfd3 elementor-widget elementor-widget-image\" data-id=\"d90cfd3\" data-element_type=\"widget\" data-widget_type=\"image.default\">\n\t\t\t\t<div class=\"elementor-widget-container\">\n\t\t\t\t\t\t\t\t\t\t\t\t\t\t\t<img loading=\"lazy\" decoding=\"async\" width=\"1280\" height=\"853\" src=\"https:\/\/alisodental.com\/wp-content\/uploads\/2025\/05\/pexels-photo-5355828-1.jpeg\" class=\"attachment-full size-full wp-image-440\" alt=\"\" srcset=\"https:\/\/alisodental.com\/wp-content\/uploads\/2025\/05\/pexels-photo-5355828-1.jpeg 1280w, https:\/\/alisodental.com\/wp-content\/uploads\/2025\/05\/pexels-photo-5355828-1-300x200.jpeg 300w, https:\/\/alisodental.com\/wp-content\/uploads\/2025\/05\/pexels-photo-5355828-1-1024x682.jpeg 1024w, https:\/\/alisodental.com\/wp-content\/uploads\/2025\/05\/pexels-photo-5355828-1-768x512.jpeg 768w\" sizes=\"(max-width: 1280px) 100vw, 1280px\" \/>\t\t\t\t\t\t\t\t\t\t\t\t\t\t\t<\/div>\n\t\t\t\t<\/div>\n\t\t\t\t<\/div>\n\t\t<div class=\"elementor-element elementor-element-1ccf14f e-con-full e-flex e-con e-child\" data-id=\"1ccf14f\" data-element_type=\"container\" data-settings=\"{&quot;background_background&quot;:&quot;classic&quot;}\">\n\t\t\t\t<div class=\"elementor-element elementor-element-6c24299 elementor-widget elementor-widget-image-box\" data-id=\"6c24299\" data-element_type=\"widget\" data-widget_type=\"image-box.default\">\n\t\t\t\t<div class=\"elementor-widget-container\">\n\t\t\t\t\t<div class=\"elementor-image-box-wrapper\"><div class=\"elementor-image-box-content\"><h3 class=\"elementor-image-box-title\">\ud83d\udea8 Emergency Dentistry<\/h3><p class=\"elementor-image-box-description\">Same-day appointments available for urgent dental issues like toothaches, chips, or lost fillings.<\/p><\/div><\/div>\t\t\t\t<\/div>\n\t\t\t\t<\/div>\n\t\t\t\t<div class=\"elementor-element elementor-element-c301776 elementor-widget elementor-widget-image\" data-id=\"c301776\" data-element_type=\"widget\" data-widget_type=\"image.default\">\n\t\t\t\t<div class=\"elementor-widget-container\">\n\t\t\t\t\t\t\t\t\t\t\t\t\t\t\t<img loading=\"lazy\" decoding=\"async\" width=\"1280\" height=\"853\" src=\"https:\/\/alisodental.com\/wp-content\/uploads\/2025\/05\/pexels-photo-5355710-1.jpeg\" class=\"attachment-full size-full wp-image-441\" alt=\"\" srcset=\"https:\/\/alisodental.com\/wp-content\/uploads\/2025\/05\/pexels-photo-5355710-1.jpeg 1280w, https:\/\/alisodental.com\/wp-content\/uploads\/2025\/05\/pexels-photo-5355710-1-300x200.jpeg 300w, https:\/\/alisodental.com\/wp-content\/uploads\/2025\/05\/pexels-photo-5355710-1-1024x682.jpeg 1024w, https:\/\/alisodental.com\/wp-content\/uploads\/2025\/05\/pexels-photo-5355710-1-768x512.jpeg 768w\" sizes=\"(max-width: 1280px) 100vw, 1280px\" \/>\t\t\t\t\t\t\t\t\t\t\t\t\t\t\t<\/div>\n\t\t\t\t<\/div>\n\t\t\t\t<\/div>\n\t\t\t\t<\/div>\n\t\t\t\t\t<\/div>\n\t\t\t\t<\/div>\n\t\t<div class=\"elementor-element elementor-element-6cdc31b e-flex e-con-boxed e-con e-parent\" data-id=\"6cdc31b\" data-element_type=\"container\" data-settings=\"{&quot;background_background&quot;:&quot;classic&quot;}\">\n\t\t\t\t\t<div class=\"e-con-inner\">\n\t\t\t\t<div class=\"elementor-element elementor-element-e15e652 elementor-widget elementor-widget-image-box\" data-id=\"e15e652\" data-element_type=\"widget\" data-widget_type=\"image-box.default\">\n\t\t\t\t<div class=\"elementor-widget-container\">\n\t\t\t\t\t<div class=\"elementor-image-box-wrapper\"><div class=\"elementor-image-box-content\"><h2 class=\"elementor-image-box-title\">\u00bfListo para comenzar tu viaje?<\/h2><p class=\"elementor-image-box-description\">Cont\u00e1ctenos hoy para obtener m\u00e1s informaci\u00f3n sobre nuestros servicios y programar su primera cita.<\/p><\/div><\/div>\t\t\t\t<\/div>\n\t\t\t\t<\/div>\n\t\t\t\t<div class=\"elementor-element elementor-element-1ba74b2 elementor-align-center elementor-widget elementor-widget-button\" data-id=\"1ba74b2\" data-element_type=\"widget\" data-widget_type=\"button.default\">\n\t\t\t\t<div class=\"elementor-widget-container\">\n\t\t\t\t\t\t\t\t\t<div class=\"elementor-button-wrapper\">\n\t\t\t\t\t<a class=\"elementor-button elementor-button-link elementor-size-sm\" href=\"#\">\n\t\t\t\t\t\t<span class=\"elementor-button-content-wrapper\">\n\t\t\t\t\t\t\t\t\t<span class=\"elementor-button-text\">Programar cita<\/span>\n\t\t\t\t\t<\/span>\n\t\t\t\t\t<\/a>\n\t\t\t\t<\/div>\n\t\t\t\t\t\t\t\t<\/div>\n\t\t\t\t<\/div>\n\t\t\t\t\t<\/div>\n\t\t\t\t<\/div>\n\t\t\t\t<\/div>","protected":false},"excerpt":{"rendered":"<p>Dental Services Explore our comprehensive range of personalized dental treatments designed to enhance your oral health and smile. Our Services [&hellip;]<\/p>","protected":false},"author":1,"featured_media":0,"parent":0,"menu_order":0,"comment_status":"closed","ping_status":"closed","template":"","meta":{"_surecart_dashboard_logo_width":"180px","_surecart_dashboard_show_logo":true,"_surecart_dashboard_navigation_orders":true,"_surecart_dashboard_navigation_invoices":true,"_surecart_dashboard_navigation_subscriptions":true,"_surecart_dashboard_navigation_downloads":true,"_surecart_dashboard_navigation_billing":true,"_surecart_dashboard_navigation_account":true,"site-sidebar-layout":"no-sidebar","site-content-layout":"","ast-site-content-layout":"full-width-container","site-content-style":"unboxed","site-sidebar-style":"unboxed","ast-global-header-display":"","ast-banner-title-visibility":"","ast-main-header-display":"","ast-hfb-above-header-display":"","ast-hfb-below-header-display":"","ast-hfb-mobile-header-display":"","site-post-title":"disabled","ast-breadcrumbs-content":"","ast-featured-img":"disabled","footer-sml-layout":"","theme-transparent-header-meta":"enabled","adv-header-id-meta":"","stick-header-meta":"","header-above-stick-meta":"","header-main-stick-meta":"","header-below-stick-meta":"","astra-migrate-meta-layouts":"default","ast-page-background-enabled":"default","ast-page-background-meta":{"desktop":{"background-color":"var(--ast-global-color-5)","background-image":"","background-repeat":"repeat","background-position":"center center","background-size":"auto","background-attachment":"scroll","background-type":"","background-media":"","overlay-type":"","overlay-color":"","overlay-opacity":"","overlay-gradient":""},"tablet":{"background-color":"","background-image":"","background-repeat":"repeat","background-position":"center center","background-size":"auto","background-attachment":"scroll","background-type":"","background-media":"","overlay-type":"","overlay-color":"","overlay-opacity":"","overlay-gradient":""},"mobile":{"background-color":"","background-image":"","background-repeat":"repeat","background-position":"center center","background-size":"auto","background-attachment":"scroll","background-type":"","background-media":"","overlay-type":"","overlay-color":"","overlay-opacity":"","overlay-gradient":""}},"ast-content-background-meta":{"desktop":{"background-color":"var(--ast-global-color-4)","background-image":"","background-repeat":"repeat","background-position":"center center","background-size":"auto","background-attachment":"scroll","background-type":"","background-media":"","overlay-type":"","overlay-color":"","overlay-opacity":"","overlay-gradient":""},"tablet":{"background-color":"var(--ast-global-color-4)","background-image":"","background-repeat":"repeat","background-position":"center center","background-size":"auto","background-attachment":"scroll","background-type":"","background-media":"","overlay-type":"","overlay-color":"","overlay-opacity":"","overlay-gradient":""},"mobile":{"background-color":"var(--ast-global-color-4)","background-image":"","background-repeat":"repeat","background-position":"center center","background-size":"auto","background-attachment":"scroll","background-type":"","background-media":"","overlay-type":"","overlay-color":"","overlay-opacity":"","overlay-gradient":""}},"footnotes":""},"class_list":["post-298","page","type-page","status-publish","hentry"],"_links":{"self":[{"href":"https:\/\/alisodental.com\/es\/wp-json\/wp\/v2\/pages\/298","targetHints":{"allow":["GET"]}}],"collection":[{"href":"https:\/\/alisodental.com\/es\/wp-json\/wp\/v2\/pages"}],"about":[{"href":"https:\/\/alisodental.com\/es\/wp-json\/wp\/v2\/types\/page"}],"author":[{"embeddable":true,"href":"https:\/\/alisodental.com\/es\/wp-json\/wp\/v2\/users\/1"}],"replies":[{"embeddable":true,"href":"https:\/\/alisodental.com\/es\/wp-json\/wp\/v2\/comments?post=298"}],"version-history":[{"count":7,"href":"https:\/\/alisodental.com\/es\/wp-json\/wp\/v2\/pages\/298\/revisions"}],"predecessor-version":[{"id":470,"href":"https:\/\/alisodental.com\/es\/wp-json\/wp\/v2\/pages\/298\/revisions\/470"}],"wp:attachment":[{"href":"https:\/\/alisodental.com\/es\/wp-json\/wp\/v2\/media?parent=298"}],"curies":[{"name":"wp","href":"https:\/\/api.w.org\/{rel}","templated":true}]}}